{"id":307,"date":"2026-01-20T20:37:24","date_gmt":"2026-01-20T20:37:24","guid":{"rendered":"https:\/\/elmolido.pnerudacomercio.es\/?post_type=product&#038;p=307"},"modified":"2026-02-14T15:24:27","modified_gmt":"2026-02-14T15:24:27","slug":"bote-de-cafe-en-grano-250g","status":"publish","type":"product","link":"https:\/\/elmolido.pnerudacomercio.es\/index.php\/producto\/bote-de-cafe-en-grano-250g\/","title":{"rendered":"Bote de Caf\u00e9 Molido 250 g"},"content":{"rendered":"<p>Presentaci\u00f3n sostenible en tarro reutilizable que conserva mejor el aroma y la frescura. Caf\u00e9 ecol\u00f3gico molido de gran pureza, con sabor redondo y aroma c\u00e1lido. Ideal para quienes buscan calidad y envase duradero.<\/p>\n<p><img loading=\"lazy\" decoding=\"async\" class=\"alignnone size-medium wp-image-321\" src=\"https:\/\/elmolido.pnerudacomercio.es\/wp-content\/uploads\/2026\/01\/WhatsApp-Image-2026-01-20-at-22.02.24-1-300x300.jpeg\" alt=\"\" width=\"300\" height=\"300\" srcset=\"https:\/\/elmolido.pnerudacomercio.es\/wp-content\/uploads\/2026\/01\/WhatsApp-Image-2026-01-20-at-22.02.24-1-300x300.jpeg 300w, https:\/\/elmolido.pnerudacomercio.es\/wp-content\/uploads\/2026\/01\/WhatsApp-Image-2026-01-20-at-22.02.24-1-150x150.jpeg 150w, https:\/\/elmolido.pnerudacomercio.es\/wp-content\/uploads\/2026\/01\/WhatsApp-Image-2026-01-20-at-22.02.24-1-768x768.jpeg 768w, https:\/\/elmolido.pnerudacomercio.es\/wp-content\/uploads\/2026\/01\/WhatsApp-Image-2026-01-20-at-22.02.24-1-600x600.jpeg 600w, https:\/\/elmolido.pnerudacomercio.es\/wp-content\/uploads\/2026\/01\/WhatsApp-Image-2026-01-20-at-22.02.24-1-100x100.jpeg 100w, https:\/\/elmolido.pnerudacomercio.es\/wp-content\/uploads\/2026\/01\/WhatsApp-Image-2026-01-20-at-22.02.24-1.jpeg 1024w\" sizes=\"auto, (max-width: 300px) 100vw, 300px\" \/><\/p>\n","protected":false},"excerpt":{"rendered":"<p><img loading=\"lazy\" decoding=\"async\" class=\"size-medium wp-image-321\" src=\"https:\/\/elmolido.pnerudacomercio.es\/wp-content\/uploads\/2026\/01\/WhatsApp-Image-2026-01-20-at-22.02.24-1-300x300.jpeg\" alt=\"5. Bote de Caf\u00e9 Molido \u00b7 250 g\" width=\"300\" height=\"300\" srcset=\"https:\/\/elmolido.pnerudacomercio.es\/wp-content\/uploads\/2026\/01\/WhatsApp-Image-2026-01-20-at-22.02.24-1-300x300.jpeg 300w, https:\/\/elmolido.pnerudacomercio.es\/wp-content\/uploads\/2026\/01\/WhatsApp-Image-2026-01-20-at-22.02.24-1-150x150.jpeg 150w, https:\/\/elmolido.pnerudacomercio.es\/wp-content\/uploads\/2026\/01\/WhatsApp-Image-2026-01-20-at-22.02.24-1-768x768.jpeg 768w, https:\/\/elmolido.pnerudacomercio.es\/wp-content\/uploads\/2026\/01\/WhatsApp-Image-2026-01-20-at-22.02.24-1-600x600.jpeg 600w, https:\/\/elmolido.pnerudacomercio.es\/wp-content\/uploads\/2026\/01\/WhatsApp-Image-2026-01-20-at-22.02.24-1-100x100.jpeg 100w, https:\/\/elmolido.pnerudacomercio.es\/wp-content\/uploads\/2026\/01\/WhatsApp-Image-2026-01-20-at-22.02.24-1.jpeg 1024w\" sizes=\"auto, (max-width: 300px) 100vw, 300px\" \/><\/p>\n<p>Grano ecol\u00f3gico seleccionado para una molienda reci\u00e9n hecha en casa, con m\u00e1xima frescura y aroma. Pensado para molinillos dom\u00e9sticos o cafeteras autom\u00e1ticas. Perfil equilibrado, suave y con notas naturales perfectas para espresso o filtro.<\/p>\n","protected":false},"featured_media":321,"comment_status":"open","ping_status":"closed","template":"","meta":[],"product_brand":[],"product_cat":[28],"product_tag":[26,29],"class_list":{"0":"post-307","1":"product","2":"type-product","3":"status-publish","4":"has-post-thumbnail","6":"product_cat-bote-cafe-molido","7":"product_tag-bote","8":"product_tag-molido","10":"first","11":"instock","12":"shipping-taxable","13":"purchasable","14":"product-type-variable"},"yoast_head":"<!-- This site is optimized with the Yoast SEO plugin v26.8 - https:\/\/yoast.com\/product\/yoast-seo-wordpress\/ -->\n<title>Bote de Caf\u00e9 Molido 250 g - El Molido<\/title>\n<meta name=\"description\" content=\"Grano ecol\u00f3gico seleccionado para una molienda reci\u00e9n hecha en casa, con m\u00e1xima frescura y aroma.Pensado para molinillos dom\u00e9sticos o cafeteras autom\u00e1ticas.\" \/>\n<meta name=\"robots\" content=\"index, follow, max-snippet:-1, max-image-preview:large, max-video-preview:-1\" \/>\n<link rel=\"canonical\" href=\"https:\/\/elmolido.pnerudacomercio.es\/index.php\/producto\/bote-de-cafe-en-grano-250g\/\" \/>\n<meta property=\"og:locale\" content=\"es_ES\" \/>\n<meta property=\"og:type\" content=\"article\" \/>\n<meta property=\"og:title\" content=\"Bote de Caf\u00e9 Molido 250 g - El Molido\" \/>\n<meta property=\"og:description\" content=\"Grano ecol\u00f3gico seleccionado para una molienda reci\u00e9n hecha en casa, con m\u00e1xima frescura y aroma.Pensado para molinillos dom\u00e9sticos o cafeteras autom\u00e1ticas.\" \/>\n<meta property=\"og:url\" content=\"https:\/\/elmolido.pnerudacomercio.es\/index.php\/producto\/bote-de-cafe-en-grano-250g\/\" \/>\n<meta property=\"og:site_name\" content=\"El Molido\" \/>\n<meta property=\"article:modified_time\" content=\"2026-02-14T15:24:27+00:00\" \/>\n<meta property=\"og:image\" content=\"https:\/\/elmolido.pnerudacomercio.es\/wp-content\/uploads\/2026\/01\/WhatsApp-Image-2026-01-20-at-22.02.24-1.jpeg\" \/>\n\t<meta property=\"og:image:width\" content=\"1024\" \/>\n\t<meta property=\"og:image:height\" content=\"1024\" \/>\n\t<meta property=\"og:image:type\" content=\"image\/jpeg\" \/>\n<meta name=\"twitter:card\" content=\"summary_large_image\" \/>\n<meta name=\"twitter:label1\" content=\"Tiempo de lectura\" \/>\n\t<meta name=\"twitter:data1\" content=\"1 minuto\" \/>\n<script type=\"application\/ld+json\" class=\"yoast-schema-graph\">{\"@context\":\"https:\/\/schema.org\",\"@graph\":[{\"@type\":\"WebPage\",\"@id\":\"https:\/\/elmolido.pnerudacomercio.es\/index.php\/producto\/bote-de-cafe-en-grano-250g\/\",\"url\":\"https:\/\/elmolido.pnerudacomercio.es\/index.php\/producto\/bote-de-cafe-en-grano-250g\/\",\"name\":\"Bote de Caf\u00e9 Molido 250 g - El Molido\",\"isPartOf\":{\"@id\":\"https:\/\/elmolido.pnerudacomercio.es\/#website\"},\"primaryImageOfPage\":{\"@id\":\"https:\/\/elmolido.pnerudacomercio.es\/index.php\/producto\/bote-de-cafe-en-grano-250g\/#primaryimage\"},\"image\":{\"@id\":\"https:\/\/elmolido.pnerudacomercio.es\/index.php\/producto\/bote-de-cafe-en-grano-250g\/#primaryimage\"},\"thumbnailUrl\":\"https:\/\/elmolido.pnerudacomercio.es\/wp-content\/uploads\/2026\/01\/WhatsApp-Image-2026-01-20-at-22.02.24-1.jpeg\",\"datePublished\":\"2026-01-20T20:37:24+00:00\",\"dateModified\":\"2026-02-14T15:24:27+00:00\",\"description\":\"Grano ecol\u00f3gico seleccionado para una molienda reci\u00e9n hecha en casa, con m\u00e1xima frescura y aroma.Pensado para molinillos dom\u00e9sticos o cafeteras autom\u00e1ticas.\",\"breadcrumb\":{\"@id\":\"https:\/\/elmolido.pnerudacomercio.es\/index.php\/producto\/bote-de-cafe-en-grano-250g\/#breadcrumb\"},\"inLanguage\":\"es\",\"potentialAction\":[{\"@type\":\"ReadAction\",\"target\":[\"https:\/\/elmolido.pnerudacomercio.es\/index.php\/producto\/bote-de-cafe-en-grano-250g\/\"]}]},{\"@type\":\"ImageObject\",\"inLanguage\":\"es\",\"@id\":\"https:\/\/elmolido.pnerudacomercio.es\/index.php\/producto\/bote-de-cafe-en-grano-250g\/#primaryimage\",\"url\":\"https:\/\/elmolido.pnerudacomercio.es\/wp-content\/uploads\/2026\/01\/WhatsApp-Image-2026-01-20-at-22.02.24-1.jpeg\",\"contentUrl\":\"https:\/\/elmolido.pnerudacomercio.es\/wp-content\/uploads\/2026\/01\/WhatsApp-Image-2026-01-20-at-22.02.24-1.jpeg\",\"width\":1024,\"height\":1024,\"caption\":\"5. Bote de Caf\u00e9 Molido \u00b7 250 g\"},{\"@type\":\"BreadcrumbList\",\"@id\":\"https:\/\/elmolido.pnerudacomercio.es\/index.php\/producto\/bote-de-cafe-en-grano-250g\/#breadcrumb\",\"itemListElement\":[{\"@type\":\"ListItem\",\"position\":1,\"name\":\"Portada\",\"item\":\"https:\/\/elmolido.pnerudacomercio.es\/\"},{\"@type\":\"ListItem\",\"position\":2,\"name\":\"Tienda\",\"item\":\"https:\/\/elmolido.pnerudacomercio.es\/index.php\/tienda\/\"},{\"@type\":\"ListItem\",\"position\":3,\"name\":\"Bote de Caf\u00e9 Molido 250 g\"}]},{\"@type\":\"WebSite\",\"@id\":\"https:\/\/elmolido.pnerudacomercio.es\/#website\",\"url\":\"https:\/\/elmolido.pnerudacomercio.es\/\",\"name\":\"El Molido\",\"description\":\"Empieza tu d\u00eda encendido con sabor fuerte y molido\",\"potentialAction\":[{\"@type\":\"SearchAction\",\"target\":{\"@type\":\"EntryPoint\",\"urlTemplate\":\"https:\/\/elmolido.pnerudacomercio.es\/?s={search_term_string}\"},\"query-input\":{\"@type\":\"PropertyValueSpecification\",\"valueRequired\":true,\"valueName\":\"search_term_string\"}}],\"inLanguage\":\"es\"}]}<\/script>\n<!-- \/ Yoast SEO plugin. -->","yoast_head_json":{"title":"Bote de Caf\u00e9 Molido 250 g - El Molido","description":"Grano ecol\u00f3gico seleccionado para una molienda reci\u00e9n hecha en casa, con m\u00e1xima frescura y aroma.Pensado para molinillos dom\u00e9sticos o cafeteras autom\u00e1ticas.","robots":{"index":"index","follow":"follow","max-snippet":"max-snippet:-1","max-image-preview":"max-image-preview:large","max-video-preview":"max-video-preview:-1"},"canonical":"https:\/\/elmolido.pnerudacomercio.es\/index.php\/producto\/bote-de-cafe-en-grano-250g\/","og_locale":"es_ES","og_type":"article","og_title":"Bote de Caf\u00e9 Molido 250 g - El Molido","og_description":"Grano ecol\u00f3gico seleccionado para una molienda reci\u00e9n hecha en casa, con m\u00e1xima frescura y aroma.Pensado para molinillos dom\u00e9sticos o cafeteras autom\u00e1ticas.","og_url":"https:\/\/elmolido.pnerudacomercio.es\/index.php\/producto\/bote-de-cafe-en-grano-250g\/","og_site_name":"El Molido","article_modified_time":"2026-02-14T15:24:27+00:00","og_image":[{"width":1024,"height":1024,"url":"https:\/\/elmolido.pnerudacomercio.es\/wp-content\/uploads\/2026\/01\/WhatsApp-Image-2026-01-20-at-22.02.24-1.jpeg","type":"image\/jpeg"}],"twitter_card":"summary_large_image","twitter_misc":{"Tiempo de lectura":"1 minuto"},"schema":{"@context":"https:\/\/schema.org","@graph":[{"@type":"WebPage","@id":"https:\/\/elmolido.pnerudacomercio.es\/index.php\/producto\/bote-de-cafe-en-grano-250g\/","url":"https:\/\/elmolido.pnerudacomercio.es\/index.php\/producto\/bote-de-cafe-en-grano-250g\/","name":"Bote de Caf\u00e9 Molido 250 g - El Molido","isPartOf":{"@id":"https:\/\/elmolido.pnerudacomercio.es\/#website"},"primaryImageOfPage":{"@id":"https:\/\/elmolido.pnerudacomercio.es\/index.php\/producto\/bote-de-cafe-en-grano-250g\/#primaryimage"},"image":{"@id":"https:\/\/elmolido.pnerudacomercio.es\/index.php\/producto\/bote-de-cafe-en-grano-250g\/#primaryimage"},"thumbnailUrl":"https:\/\/elmolido.pnerudacomercio.es\/wp-content\/uploads\/2026\/01\/WhatsApp-Image-2026-01-20-at-22.02.24-1.jpeg","datePublished":"2026-01-20T20:37:24+00:00","dateModified":"2026-02-14T15:24:27+00:00","description":"Grano ecol\u00f3gico seleccionado para una molienda reci\u00e9n hecha en casa, con m\u00e1xima frescura y aroma.Pensado para molinillos dom\u00e9sticos o cafeteras autom\u00e1ticas.","breadcrumb":{"@id":"https:\/\/elmolido.pnerudacomercio.es\/index.php\/producto\/bote-de-cafe-en-grano-250g\/#breadcrumb"},"inLanguage":"es","potentialAction":[{"@type":"ReadAction","target":["https:\/\/elmolido.pnerudacomercio.es\/index.php\/producto\/bote-de-cafe-en-grano-250g\/"]}]},{"@type":"ImageObject","inLanguage":"es","@id":"https:\/\/elmolido.pnerudacomercio.es\/index.php\/producto\/bote-de-cafe-en-grano-250g\/#primaryimage","url":"https:\/\/elmolido.pnerudacomercio.es\/wp-content\/uploads\/2026\/01\/WhatsApp-Image-2026-01-20-at-22.02.24-1.jpeg","contentUrl":"https:\/\/elmolido.pnerudacomercio.es\/wp-content\/uploads\/2026\/01\/WhatsApp-Image-2026-01-20-at-22.02.24-1.jpeg","width":1024,"height":1024,"caption":"5. Bote de Caf\u00e9 Molido \u00b7 250 g"},{"@type":"BreadcrumbList","@id":"https:\/\/elmolido.pnerudacomercio.es\/index.php\/producto\/bote-de-cafe-en-grano-250g\/#breadcrumb","itemListElement":[{"@type":"ListItem","position":1,"name":"Portada","item":"https:\/\/elmolido.pnerudacomercio.es\/"},{"@type":"ListItem","position":2,"name":"Tienda","item":"https:\/\/elmolido.pnerudacomercio.es\/index.php\/tienda\/"},{"@type":"ListItem","position":3,"name":"Bote de Caf\u00e9 Molido 250 g"}]},{"@type":"WebSite","@id":"https:\/\/elmolido.pnerudacomercio.es\/#website","url":"https:\/\/elmolido.pnerudacomercio.es\/","name":"El Molido","description":"Empieza tu d\u00eda encendido con sabor fuerte y molido","potentialAction":[{"@type":"SearchAction","target":{"@type":"EntryPoint","urlTemplate":"https:\/\/elmolido.pnerudacomercio.es\/?s={search_term_string}"},"query-input":{"@type":"PropertyValueSpecification","valueRequired":true,"valueName":"search_term_string"}}],"inLanguage":"es"}]}},"_links":{"self":[{"href":"https:\/\/elmolido.pnerudacomercio.es\/index.php\/wp-json\/wp\/v2\/product\/307","targetHints":{"allow":["GET"]}}],"collection":[{"href":"https:\/\/elmolido.pnerudacomercio.es\/index.php\/wp-json\/wp\/v2\/product"}],"about":[{"href":"https:\/\/elmolido.pnerudacomercio.es\/index.php\/wp-json\/wp\/v2\/types\/product"}],"replies":[{"embeddable":true,"href":"https:\/\/elmolido.pnerudacomercio.es\/index.php\/wp-json\/wp\/v2\/comments?post=307"}],"wp:featuredmedia":[{"embeddable":true,"href":"https:\/\/elmolido.pnerudacomercio.es\/index.php\/wp-json\/wp\/v2\/media\/321"}],"wp:attachment":[{"href":"https:\/\/elmolido.pnerudacomercio.es\/index.php\/wp-json\/wp\/v2\/media?parent=307"}],"wp:term":[{"taxonomy":"product_brand","embeddable":true,"href":"https:\/\/elmolido.pnerudacomercio.es\/index.php\/wp-json\/wp\/v2\/product_brand?post=307"},{"taxonomy":"product_cat","embeddable":true,"href":"https:\/\/elmolido.pnerudacomercio.es\/index.php\/wp-json\/wp\/v2\/product_cat?post=307"},{"taxonomy":"product_tag","embeddable":true,"href":"https:\/\/elmolido.pnerudacomercio.es\/index.php\/wp-json\/wp\/v2\/product_tag?post=307"}],"curies":[{"name":"wp","href":"https:\/\/api.w.org\/{rel}","templated":true}]}}