{"id":332,"date":"2026-01-22T20:06:12","date_gmt":"2026-01-22T20:06:12","guid":{"rendered":"https:\/\/elmolido.pnerudacomercio.es\/?post_type=product&#038;p=332"},"modified":"2026-02-19T11:14:25","modified_gmt":"2026-02-19T11:14:25","slug":"vaso-de-cafe-ecologico-take-away-crema","status":"publish","type":"product","link":"https:\/\/elmolido.pnerudacomercio.es\/index.php\/producto\/vaso-de-cafe-ecologico-take-away-crema\/","title":{"rendered":"Vaso de Caf\u00e9 ecol\u00f3gico Take Away Crema"},"content":{"rendered":"<figure id=\"attachment_315\" aria-describedby=\"caption-attachment-315\" style=\"width: 300px\" class=\"wp-caption alignnone\"><img loading=\"lazy\" decoding=\"async\" class=\"size-medium wp-image-315\" src=\"https:\/\/elmolido.pnerudacomercio.es\/wp-content\/uploads\/2026\/01\/WhatsApp-Image-2026-01-20-at-21.06.45-300x300.jpeg\" alt=\"Vaso de Caf\u00e9 ecol\u00f3gico\" width=\"300\" height=\"300\" srcset=\"https:\/\/elmolido.pnerudacomercio.es\/wp-content\/uploads\/2026\/01\/WhatsApp-Image-2026-01-20-at-21.06.45-300x300.jpeg 300w, https:\/\/elmolido.pnerudacomercio.es\/wp-content\/uploads\/2026\/01\/WhatsApp-Image-2026-01-20-at-21.06.45-150x150.jpeg 150w, https:\/\/elmolido.pnerudacomercio.es\/wp-content\/uploads\/2026\/01\/WhatsApp-Image-2026-01-20-at-21.06.45-768x768.jpeg 768w, https:\/\/elmolido.pnerudacomercio.es\/wp-content\/uploads\/2026\/01\/WhatsApp-Image-2026-01-20-at-21.06.45-600x600.jpeg 600w, https:\/\/elmolido.pnerudacomercio.es\/wp-content\/uploads\/2026\/01\/WhatsApp-Image-2026-01-20-at-21.06.45-100x100.jpeg 100w, https:\/\/elmolido.pnerudacomercio.es\/wp-content\/uploads\/2026\/01\/WhatsApp-Image-2026-01-20-at-21.06.45.jpeg 1024w\" sizes=\"auto, (max-width: 300px) 100vw, 300px\" \/><figcaption id=\"caption-attachment-315\" class=\"wp-caption-text\">Vaso de Caf\u00e9 ecol\u00f3gico\u00b7 Take Away Crema Nuestro vaso ecol\u00f3gico de especialidad para llevar. Elaborado con el sabor principal de El Molido, destaca por un sabor equilibrado, aroma floral y textura suave. Perfecto para disfrutar un caf\u00e9 natural en movimiento<\/figcaption><\/figure>\n<p>&nbsp;<\/p>\n","protected":false},"excerpt":{"rendered":"[caption id=\"attachment_315\" align=\"alignnone\" width=\"300\"]<img loading=\"lazy\" decoding=\"async\" class=\"size-medium wp-image-315\" src=\"https:\/\/elmolido.pnerudacomercio.es\/wp-content\/uploads\/2026\/01\/WhatsApp-Image-2026-01-20-at-21.06.45-300x300.jpeg\" alt=\"Vaso de Caf\u00e9 ecol\u00f3gico\" width=\"300\" height=\"300\" srcset=\"https:\/\/elmolido.pnerudacomercio.es\/wp-content\/uploads\/2026\/01\/WhatsApp-Image-2026-01-20-at-21.06.45-300x300.jpeg 300w, https:\/\/elmolido.pnerudacomercio.es\/wp-content\/uploads\/2026\/01\/WhatsApp-Image-2026-01-20-at-21.06.45-150x150.jpeg 150w, https:\/\/elmolido.pnerudacomercio.es\/wp-content\/uploads\/2026\/01\/WhatsApp-Image-2026-01-20-at-21.06.45-768x768.jpeg 768w, https:\/\/elmolido.pnerudacomercio.es\/wp-content\/uploads\/2026\/01\/WhatsApp-Image-2026-01-20-at-21.06.45-600x600.jpeg 600w, https:\/\/elmolido.pnerudacomercio.es\/wp-content\/uploads\/2026\/01\/WhatsApp-Image-2026-01-20-at-21.06.45-100x100.jpeg 100w, https:\/\/elmolido.pnerudacomercio.es\/wp-content\/uploads\/2026\/01\/WhatsApp-Image-2026-01-20-at-21.06.45.jpeg 1024w\" sizes=\"auto, (max-width: 300px) 100vw, 300px\" \/> Vaso de Caf\u00e9 ecol\u00f3gico\u00b7 Take Away (Crema)[\/caption]\n<p>Nuestro vaso ecol\u00f3gico de especialidad para llevar. Perfecto para disfrutar un caf\u00e9 natural en movimiento.<\/p>\n","protected":false},"featured_media":315,"comment_status":"open","ping_status":"closed","template":"","meta":[],"product_brand":[],"product_cat":[33],"product_tag":[31,36,34],"class_list":{"0":"post-332","1":"product","2":"type-product","3":"status-publish","4":"has-post-thumbnail","6":"product_cat-vaso-de-cafe","7":"product_tag-cafe","8":"product_tag-takeaway","9":"product_tag-vaso","11":"first","12":"instock","13":"shipping-taxable","14":"purchasable","15":"product-type-variable","16":"has-default-attributes"},"yoast_head":"<!-- This site is optimized with the Yoast SEO plugin v26.8 - https:\/\/yoast.com\/product\/yoast-seo-wordpress\/ -->\n<title>Vaso de Caf\u00e9 ecol\u00f3gico Take Away Crema - El Molido<\/title>\n<meta name=\"description\" content=\"Nuestro vaso ecol\u00f3gico de especialidad para llevar. Destaca por un sabor equilibrado y una textura suave. Perfecto para disfrutar un caf\u00e9 en movimiento.\" \/>\n<meta name=\"robots\" content=\"index, follow, max-snippet:-1, max-image-preview:large, max-video-preview:-1\" \/>\n<link rel=\"canonical\" href=\"https:\/\/elmolido.pnerudacomercio.es\/index.php\/producto\/vaso-de-cafe-ecologico-take-away-crema\/\" \/>\n<meta property=\"og:locale\" content=\"es_ES\" \/>\n<meta property=\"og:type\" content=\"article\" \/>\n<meta property=\"og:title\" content=\"Vaso de Caf\u00e9 ecol\u00f3gico Take Away Crema - El Molido\" \/>\n<meta property=\"og:description\" content=\"Nuestro vaso ecol\u00f3gico de especialidad para llevar. Destaca por un sabor equilibrado y una textura suave. Perfecto para disfrutar un caf\u00e9 en movimiento.\" \/>\n<meta property=\"og:url\" content=\"https:\/\/elmolido.pnerudacomercio.es\/index.php\/producto\/vaso-de-cafe-ecologico-take-away-crema\/\" \/>\n<meta property=\"og:site_name\" content=\"El Molido\" \/>\n<meta property=\"article:modified_time\" content=\"2026-02-19T11:14:25+00:00\" \/>\n<meta property=\"og:image\" content=\"https:\/\/elmolido.pnerudacomercio.es\/wp-content\/uploads\/2026\/01\/WhatsApp-Image-2026-01-20-at-21.06.45.jpeg\" \/>\n\t<meta property=\"og:image:width\" content=\"1024\" \/>\n\t<meta property=\"og:image:height\" content=\"1024\" \/>\n\t<meta property=\"og:image:type\" content=\"image\/jpeg\" \/>\n<meta name=\"twitter:card\" content=\"summary_large_image\" \/>\n<meta name=\"twitter:label1\" content=\"Tiempo de lectura\" \/>\n\t<meta name=\"twitter:data1\" content=\"1 minuto\" \/>\n<script type=\"application\/ld+json\" class=\"yoast-schema-graph\">{\"@context\":\"https:\/\/schema.org\",\"@graph\":[{\"@type\":\"WebPage\",\"@id\":\"https:\/\/elmolido.pnerudacomercio.es\/index.php\/producto\/vaso-de-cafe-ecologico-take-away-crema\/\",\"url\":\"https:\/\/elmolido.pnerudacomercio.es\/index.php\/producto\/vaso-de-cafe-ecologico-take-away-crema\/\",\"name\":\"Vaso de Caf\u00e9 ecol\u00f3gico Take Away Crema - El Molido\",\"isPartOf\":{\"@id\":\"https:\/\/elmolido.pnerudacomercio.es\/#website\"},\"primaryImageOfPage\":{\"@id\":\"https:\/\/elmolido.pnerudacomercio.es\/index.php\/producto\/vaso-de-cafe-ecologico-take-away-crema\/#primaryimage\"},\"image\":{\"@id\":\"https:\/\/elmolido.pnerudacomercio.es\/index.php\/producto\/vaso-de-cafe-ecologico-take-away-crema\/#primaryimage\"},\"thumbnailUrl\":\"https:\/\/elmolido.pnerudacomercio.es\/wp-content\/uploads\/2026\/01\/WhatsApp-Image-2026-01-20-at-21.06.45.jpeg\",\"datePublished\":\"2026-01-22T20:06:12+00:00\",\"dateModified\":\"2026-02-19T11:14:25+00:00\",\"description\":\"Nuestro vaso ecol\u00f3gico de especialidad para llevar. Destaca por un sabor equilibrado y una textura suave. Perfecto para disfrutar un caf\u00e9 en movimiento.\",\"breadcrumb\":{\"@id\":\"https:\/\/elmolido.pnerudacomercio.es\/index.php\/producto\/vaso-de-cafe-ecologico-take-away-crema\/#breadcrumb\"},\"inLanguage\":\"es\",\"potentialAction\":[{\"@type\":\"ReadAction\",\"target\":[\"https:\/\/elmolido.pnerudacomercio.es\/index.php\/producto\/vaso-de-cafe-ecologico-take-away-crema\/\"]}]},{\"@type\":\"ImageObject\",\"inLanguage\":\"es\",\"@id\":\"https:\/\/elmolido.pnerudacomercio.es\/index.php\/producto\/vaso-de-cafe-ecologico-take-away-crema\/#primaryimage\",\"url\":\"https:\/\/elmolido.pnerudacomercio.es\/wp-content\/uploads\/2026\/01\/WhatsApp-Image-2026-01-20-at-21.06.45.jpeg\",\"contentUrl\":\"https:\/\/elmolido.pnerudacomercio.es\/wp-content\/uploads\/2026\/01\/WhatsApp-Image-2026-01-20-at-21.06.45.jpeg\",\"width\":1024,\"height\":1024,\"caption\":\"Vaso de Caf\u00e9 ecol\u00f3gico\u00b7 Take Away (Crema)\"},{\"@type\":\"BreadcrumbList\",\"@id\":\"https:\/\/elmolido.pnerudacomercio.es\/index.php\/producto\/vaso-de-cafe-ecologico-take-away-crema\/#breadcrumb\",\"itemListElement\":[{\"@type\":\"ListItem\",\"position\":1,\"name\":\"Portada\",\"item\":\"https:\/\/elmolido.pnerudacomercio.es\/\"},{\"@type\":\"ListItem\",\"position\":2,\"name\":\"Tienda\",\"item\":\"https:\/\/elmolido.pnerudacomercio.es\/index.php\/tienda\/\"},{\"@type\":\"ListItem\",\"position\":3,\"name\":\"Vaso de Caf\u00e9 ecol\u00f3gico Take Away Crema\"}]},{\"@type\":\"WebSite\",\"@id\":\"https:\/\/elmolido.pnerudacomercio.es\/#website\",\"url\":\"https:\/\/elmolido.pnerudacomercio.es\/\",\"name\":\"El Molido\",\"description\":\"Empieza tu d\u00eda encendido con sabor fuerte y molido\",\"potentialAction\":[{\"@type\":\"SearchAction\",\"target\":{\"@type\":\"EntryPoint\",\"urlTemplate\":\"https:\/\/elmolido.pnerudacomercio.es\/?s={search_term_string}\"},\"query-input\":{\"@type\":\"PropertyValueSpecification\",\"valueRequired\":true,\"valueName\":\"search_term_string\"}}],\"inLanguage\":\"es\"}]}<\/script>\n<!-- \/ Yoast SEO plugin. -->","yoast_head_json":{"title":"Vaso de Caf\u00e9 ecol\u00f3gico Take Away Crema - El Molido","description":"Nuestro vaso ecol\u00f3gico de especialidad para llevar. Destaca por un sabor equilibrado y una textura suave. Perfecto para disfrutar un caf\u00e9 en movimiento.","robots":{"index":"index","follow":"follow","max-snippet":"max-snippet:-1","max-image-preview":"max-image-preview:large","max-video-preview":"max-video-preview:-1"},"canonical":"https:\/\/elmolido.pnerudacomercio.es\/index.php\/producto\/vaso-de-cafe-ecologico-take-away-crema\/","og_locale":"es_ES","og_type":"article","og_title":"Vaso de Caf\u00e9 ecol\u00f3gico Take Away Crema - El Molido","og_description":"Nuestro vaso ecol\u00f3gico de especialidad para llevar. Destaca por un sabor equilibrado y una textura suave. Perfecto para disfrutar un caf\u00e9 en movimiento.","og_url":"https:\/\/elmolido.pnerudacomercio.es\/index.php\/producto\/vaso-de-cafe-ecologico-take-away-crema\/","og_site_name":"El Molido","article_modified_time":"2026-02-19T11:14:25+00:00","og_image":[{"width":1024,"height":1024,"url":"https:\/\/elmolido.pnerudacomercio.es\/wp-content\/uploads\/2026\/01\/WhatsApp-Image-2026-01-20-at-21.06.45.jpeg","type":"image\/jpeg"}],"twitter_card":"summary_large_image","twitter_misc":{"Tiempo de lectura":"1 minuto"},"schema":{"@context":"https:\/\/schema.org","@graph":[{"@type":"WebPage","@id":"https:\/\/elmolido.pnerudacomercio.es\/index.php\/producto\/vaso-de-cafe-ecologico-take-away-crema\/","url":"https:\/\/elmolido.pnerudacomercio.es\/index.php\/producto\/vaso-de-cafe-ecologico-take-away-crema\/","name":"Vaso de Caf\u00e9 ecol\u00f3gico Take Away Crema - El Molido","isPartOf":{"@id":"https:\/\/elmolido.pnerudacomercio.es\/#website"},"primaryImageOfPage":{"@id":"https:\/\/elmolido.pnerudacomercio.es\/index.php\/producto\/vaso-de-cafe-ecologico-take-away-crema\/#primaryimage"},"image":{"@id":"https:\/\/elmolido.pnerudacomercio.es\/index.php\/producto\/vaso-de-cafe-ecologico-take-away-crema\/#primaryimage"},"thumbnailUrl":"https:\/\/elmolido.pnerudacomercio.es\/wp-content\/uploads\/2026\/01\/WhatsApp-Image-2026-01-20-at-21.06.45.jpeg","datePublished":"2026-01-22T20:06:12+00:00","dateModified":"2026-02-19T11:14:25+00:00","description":"Nuestro vaso ecol\u00f3gico de especialidad para llevar. Destaca por un sabor equilibrado y una textura suave. Perfecto para disfrutar un caf\u00e9 en movimiento.","breadcrumb":{"@id":"https:\/\/elmolido.pnerudacomercio.es\/index.php\/producto\/vaso-de-cafe-ecologico-take-away-crema\/#breadcrumb"},"inLanguage":"es","potentialAction":[{"@type":"ReadAction","target":["https:\/\/elmolido.pnerudacomercio.es\/index.php\/producto\/vaso-de-cafe-ecologico-take-away-crema\/"]}]},{"@type":"ImageObject","inLanguage":"es","@id":"https:\/\/elmolido.pnerudacomercio.es\/index.php\/producto\/vaso-de-cafe-ecologico-take-away-crema\/#primaryimage","url":"https:\/\/elmolido.pnerudacomercio.es\/wp-content\/uploads\/2026\/01\/WhatsApp-Image-2026-01-20-at-21.06.45.jpeg","contentUrl":"https:\/\/elmolido.pnerudacomercio.es\/wp-content\/uploads\/2026\/01\/WhatsApp-Image-2026-01-20-at-21.06.45.jpeg","width":1024,"height":1024,"caption":"Vaso de Caf\u00e9 ecol\u00f3gico\u00b7 Take Away (Crema)"},{"@type":"BreadcrumbList","@id":"https:\/\/elmolido.pnerudacomercio.es\/index.php\/producto\/vaso-de-cafe-ecologico-take-away-crema\/#breadcrumb","itemListElement":[{"@type":"ListItem","position":1,"name":"Portada","item":"https:\/\/elmolido.pnerudacomercio.es\/"},{"@type":"ListItem","position":2,"name":"Tienda","item":"https:\/\/elmolido.pnerudacomercio.es\/index.php\/tienda\/"},{"@type":"ListItem","position":3,"name":"Vaso de Caf\u00e9 ecol\u00f3gico Take Away Crema"}]},{"@type":"WebSite","@id":"https:\/\/elmolido.pnerudacomercio.es\/#website","url":"https:\/\/elmolido.pnerudacomercio.es\/","name":"El Molido","description":"Empieza tu d\u00eda encendido con sabor fuerte y molido","potentialAction":[{"@type":"SearchAction","target":{"@type":"EntryPoint","urlTemplate":"https:\/\/elmolido.pnerudacomercio.es\/?s={search_term_string}"},"query-input":{"@type":"PropertyValueSpecification","valueRequired":true,"valueName":"search_term_string"}}],"inLanguage":"es"}]}},"_links":{"self":[{"href":"https:\/\/elmolido.pnerudacomercio.es\/index.php\/wp-json\/wp\/v2\/product\/332","targetHints":{"allow":["GET"]}}],"collection":[{"href":"https:\/\/elmolido.pnerudacomercio.es\/index.php\/wp-json\/wp\/v2\/product"}],"about":[{"href":"https:\/\/elmolido.pnerudacomercio.es\/index.php\/wp-json\/wp\/v2\/types\/product"}],"replies":[{"embeddable":true,"href":"https:\/\/elmolido.pnerudacomercio.es\/index.php\/wp-json\/wp\/v2\/comments?post=332"}],"wp:featuredmedia":[{"embeddable":true,"href":"https:\/\/elmolido.pnerudacomercio.es\/index.php\/wp-json\/wp\/v2\/media\/315"}],"wp:attachment":[{"href":"https:\/\/elmolido.pnerudacomercio.es\/index.php\/wp-json\/wp\/v2\/media?parent=332"}],"wp:term":[{"taxonomy":"product_brand","embeddable":true,"href":"https:\/\/elmolido.pnerudacomercio.es\/index.php\/wp-json\/wp\/v2\/product_brand?post=332"},{"taxonomy":"product_cat","embeddable":true,"href":"https:\/\/elmolido.pnerudacomercio.es\/index.php\/wp-json\/wp\/v2\/product_cat?post=332"},{"taxonomy":"product_tag","embeddable":true,"href":"https:\/\/elmolido.pnerudacomercio.es\/index.php\/wp-json\/wp\/v2\/product_tag?post=332"}],"curies":[{"name":"wp","href":"https:\/\/api.w.org\/{rel}","templated":true}]}}